{"id":369,"date":"2019-09-05T10:05:19","date_gmt":"2019-09-05T08:05:19","guid":{"rendered":"http:\/\/www.mechels.de\/?page_id=369"},"modified":"2023-04-06T07:56:48","modified_gmt":"2023-04-06T05:56:48","slug":"wohnung-1-haupthaus","status":"publish","type":"page","link":"https:\/\/www.mechels.de\/?page_id=369","title":{"rendered":"Goore Stoof"},"content":{"rendered":"<p>Die Goore Stoof, also die gute Stube, befindet sich im Haupthaus im Erdgeschoss und ist f\u00fcr 2 Personen ausgelegt.<\/p>\n<p>Ein Gro\u00dfteil dieser Wohnung war fr\u00fcher die Gute Stube des urspr\u00fcnglichen Bauernhauses. Diese Wohnstube wurde damals nur zu besonderen Anl\u00e4ssen wie Weihnachten, Ostern oder Geburtstagen genutzt.<br \/>\nAn den \u00fcbrigen Tagen spielte sich das Leben in der immer geheizten gro\u00dfen Wohnk\u00fcche ab.<br \/>\nBei unserem Umbau haben wir beide R\u00e4ume zusammengelegt, so dass f\u00fcr Sie nun ein gro\u00dfer offener Wohnraum zur Verf\u00fcgung steht.<\/p>\n<p>Die Wohnung ist \u00fcber einen separaten, stufenlosen Eingang von der Seitenstra\u00dfe erreichbar. Ebenso k\u00f6nnen Sie stufenlos auf die gro\u00dfe Terrasse hinaus und in den Garten gehen.<\/p>\n<p><strong>Ausstattung<\/strong><\/p>\n<p>Barrierefrei \/ Rollstuhlgerecht<br \/>\nAllergiker gerecht<br \/>\nNichtraucher<br \/>\n2 Betten (als Doppelbett oder getrennt)<br \/>\nKinderbett und Kinderhochstuhl<br \/>\nZentrale Lage<br \/>\nParkplatz<br \/>\ngro\u00dfe Terrasse (zur Mitbenutzung)<br \/>\nFahrradverleih<br \/>\nGesellschaftsspiele<br \/>\nRadio\/Sat-TV<br \/>\nDVD- Player<br \/>\nW-LAN<br \/>\nSp\u00fclmaschine<br \/>\nCeranfeld<br \/>\nBackofen<br \/>\nMikrowelle<br \/>\nWasserkocher<br \/>\nKaffeevollautomat<br \/>\nToaster<br \/>\nWaschmaschine<br \/>\nInfrarotkabine f\u00fcr 2 Personen<br \/>\nHandt\u00fccher, Bettw\u00e4sche u. Endreinigung im Preis enthalten<br \/>\ndirekt am Rothaarsteig Zugangsweg<br \/>\nShuttle- Service<br \/>\nZimmersafe<br \/>\nHaustiere sind nicht erlaubt<\/p>\n<p><a href=\"https:\/\/tbooking.toubiz.de\/GER00020061405751376\/tbooking\/?globalReset=1\"><strong>Onlinebuchung<\/strong><\/a><\/p>\n<figure id=\"attachment_607\" aria-describedby=\"caption-attachment-607\" style=\"width: 525px\" class=\"wp-caption alignnone\"><img loading=\"lazy\" decoding=\"async\" class=\"size-large wp-image-607\" src=\"http:\/\/wp.mechels.de\/wp-content\/uploads\/2022\/07\/IMG_8052-1024x768.jpg\" alt=\"\" width=\"525\" height=\"394\" srcset=\"https:\/\/www.mechels.de\/wp-content\/uploads\/2022\/07\/IMG_8052-1024x768.jpg 1024w, https:\/\/www.mechels.de\/wp-content\/uploads\/2022\/07\/IMG_8052-300x225.jpg 300w, https:\/\/www.mechels.de\/wp-content\/uploads\/2022\/07\/IMG_8052-768x576.jpg 768w, https:\/\/www.mechels.de\/wp-content\/uploads\/2022\/07\/IMG_8052-1536x1152.jpg 1536w, https:\/\/www.mechels.de\/wp-content\/uploads\/2022\/07\/IMG_8052-2048x1536.jpg 2048w\" sizes=\"auto, (max-width: 525px) 100vw, 525px\" \/><figcaption id=\"caption-attachment-607\" class=\"wp-caption-text\">Wohnzimmer<\/figcaption><\/figure>\n<p><img loading=\"lazy\" decoding=\"async\" class=\"alignnone size-large wp-image-608\" src=\"http:\/\/wp.mechels.de\/wp-content\/uploads\/2022\/07\/IMG_3823-1024x768.jpg\" alt=\"\" width=\"525\" height=\"394\" srcset=\"https:\/\/www.mechels.de\/wp-content\/uploads\/2022\/07\/IMG_3823-1024x768.jpg 1024w, https:\/\/www.mechels.de\/wp-content\/uploads\/2022\/07\/IMG_3823-300x225.jpg 300w, https:\/\/www.mechels.de\/wp-content\/uploads\/2022\/07\/IMG_3823-768x576.jpg 768w, https:\/\/www.mechels.de\/wp-content\/uploads\/2022\/07\/IMG_3823-1536x1152.jpg 1536w, https:\/\/www.mechels.de\/wp-content\/uploads\/2022\/07\/IMG_3823-2048x1536.jpg 2048w\" sizes=\"auto, (max-width: 525px) 100vw, 525px\" \/><\/p>\n<figure id=\"attachment_603\" aria-describedby=\"caption-attachment-603\" style=\"width: 525px\" class=\"wp-caption alignnone\"><img loading=\"lazy\" decoding=\"async\" class=\"size-large wp-image-603\" src=\"http:\/\/wp.mechels.de\/wp-content\/uploads\/2022\/07\/SiWi_Wilnsdorf_Gasteappartments_Mechels_Vollmer25-1024x683.jpg\" alt=\"\" width=\"525\" height=\"350\" srcset=\"https:\/\/www.mechels.de\/wp-content\/uploads\/2022\/07\/SiWi_Wilnsdorf_Gasteappartments_Mechels_Vollmer25-1024x683.jpg 1024w, https:\/\/www.mechels.de\/wp-content\/uploads\/2022\/07\/SiWi_Wilnsdorf_Gasteappartments_Mechels_Vollmer25-300x200.jpg 300w, https:\/\/www.mechels.de\/wp-content\/uploads\/2022\/07\/SiWi_Wilnsdorf_Gasteappartments_Mechels_Vollmer25-768x512.jpg 768w, https:\/\/www.mechels.de\/wp-content\/uploads\/2022\/07\/SiWi_Wilnsdorf_Gasteappartments_Mechels_Vollmer25-1536x1025.jpg 1536w, https:\/\/www.mechels.de\/wp-content\/uploads\/2022\/07\/SiWi_Wilnsdorf_Gasteappartments_Mechels_Vollmer25-2048x1366.jpg 2048w\" sizes=\"auto, (max-width: 525px) 100vw, 525px\" \/><figcaption id=\"caption-attachment-603\" class=\"wp-caption-text\">K\u00fcche<\/figcaption><\/figure>\n<figure id=\"attachment_618\" aria-describedby=\"caption-attachment-618\" style=\"width: 525px\" class=\"wp-caption alignnone\"><img loading=\"lazy\" decoding=\"async\" class=\"size-large wp-image-618\" src=\"http:\/\/wp.mechels.de\/wp-content\/uploads\/2022\/07\/IMG_8060-768x1024.jpg\" alt=\"\" width=\"525\" height=\"700\" srcset=\"https:\/\/www.mechels.de\/wp-content\/uploads\/2022\/07\/IMG_8060-768x1024.jpg 768w, https:\/\/www.mechels.de\/wp-content\/uploads\/2022\/07\/IMG_8060-225x300.jpg 225w, https:\/\/www.mechels.de\/wp-content\/uploads\/2022\/07\/IMG_8060-1152x1536.jpg 1152w, https:\/\/www.mechels.de\/wp-content\/uploads\/2022\/07\/IMG_8060-1536x2048.jpg 1536w, https:\/\/www.mechels.de\/wp-content\/uploads\/2022\/07\/IMG_8060-scaled.jpg 1920w\" sizes=\"auto, (max-width: 525px) 100vw, 525px\" \/><figcaption id=\"caption-attachment-618\" class=\"wp-caption-text\">Essplatz<\/figcaption><\/figure>\n<figure id=\"attachment_470\" aria-describedby=\"caption-attachment-470\" style=\"width: 525px\" class=\"wp-caption alignnone\"><img loading=\"lazy\" decoding=\"async\" class=\"wp-image-470 \" src=\"http:\/\/wp.mechels.de\/wp-content\/uploads\/2020\/11\/img_1570-1-scaled.jpg\" alt=\"\" width=\"525\" height=\"700\" srcset=\"https:\/\/www.mechels.de\/wp-content\/uploads\/2020\/11\/img_1570-1-scaled.jpg 1920w, https:\/\/www.mechels.de\/wp-content\/uploads\/2020\/11\/img_1570-1-225x300.jpg 225w, https:\/\/www.mechels.de\/wp-content\/uploads\/2020\/11\/img_1570-1-768x1024.jpg 768w, https:\/\/www.mechels.de\/wp-content\/uploads\/2020\/11\/img_1570-1-1152x1536.jpg 1152w, https:\/\/www.mechels.de\/wp-content\/uploads\/2020\/11\/img_1570-1-1536x2048.jpg 1536w\" sizes=\"auto, (max-width: 525px) 100vw, 525px\" \/><figcaption id=\"caption-attachment-470\" class=\"wp-caption-text\">Schlafzimmer<\/figcaption><\/figure>\n<figure id=\"attachment_599\" aria-describedby=\"caption-attachment-599\" style=\"width: 525px\" class=\"wp-caption alignnone\"><img loading=\"lazy\" decoding=\"async\" class=\"size-large wp-image-599\" src=\"http:\/\/wp.mechels.de\/wp-content\/uploads\/2022\/07\/SiWi_Wilnsdorf_Gasteappartments_Mechels_Vollmer28-1024x683.jpg\" alt=\"\" width=\"525\" height=\"350\" srcset=\"https:\/\/www.mechels.de\/wp-content\/uploads\/2022\/07\/SiWi_Wilnsdorf_Gasteappartments_Mechels_Vollmer28-1024x683.jpg 1024w, https:\/\/www.mechels.de\/wp-content\/uploads\/2022\/07\/SiWi_Wilnsdorf_Gasteappartments_Mechels_Vollmer28-300x200.jpg 300w, https:\/\/www.mechels.de\/wp-content\/uploads\/2022\/07\/SiWi_Wilnsdorf_Gasteappartments_Mechels_Vollmer28-768x512.jpg 768w, https:\/\/www.mechels.de\/wp-content\/uploads\/2022\/07\/SiWi_Wilnsdorf_Gasteappartments_Mechels_Vollmer28-1536x1025.jpg 1536w, https:\/\/www.mechels.de\/wp-content\/uploads\/2022\/07\/SiWi_Wilnsdorf_Gasteappartments_Mechels_Vollmer28-2048x1366.jpg 2048w\" sizes=\"auto, (max-width: 525px) 100vw, 525px\" \/><figcaption id=\"caption-attachment-599\" class=\"wp-caption-text\">Badezimmer<\/figcaption><\/figure>\n<figure id=\"attachment_661\" aria-describedby=\"caption-attachment-661\" style=\"width: 525px\" class=\"wp-caption alignnone\"><img loading=\"lazy\" decoding=\"async\" class=\"wp-image-661 size-large\" src=\"http:\/\/wp.mechels.de\/wp-content\/uploads\/2023\/03\/img_5596-scaled-e1680760395828-1024x765.jpg\" alt=\"\" width=\"525\" height=\"392\" srcset=\"https:\/\/www.mechels.de\/wp-content\/uploads\/2023\/03\/img_5596-scaled-e1680760395828-1024x765.jpg 1024w, https:\/\/www.mechels.de\/wp-content\/uploads\/2023\/03\/img_5596-scaled-e1680760395828-300x224.jpg 300w, https:\/\/www.mechels.de\/wp-content\/uploads\/2023\/03\/img_5596-scaled-e1680760395828-768x574.jpg 768w, https:\/\/www.mechels.de\/wp-content\/uploads\/2023\/03\/img_5596-scaled-e1680760395828-1536x1148.jpg 1536w, https:\/\/www.mechels.de\/wp-content\/uploads\/2023\/03\/img_5596-scaled-e1680760395828-2048x1531.jpg 2048w\" sizes=\"auto, (max-width: 525px) 100vw, 525px\" \/><figcaption id=\"caption-attachment-661\" class=\"wp-caption-text\">Infrarotkabine<\/figcaption><\/figure>\n<figure id=\"attachment_627\" aria-describedby=\"caption-attachment-627\" style=\"width: 524px\" class=\"wp-caption alignnone\"><img loading=\"lazy\" decoding=\"async\" class=\" wp-image-627\" src=\"http:\/\/wp.mechels.de\/wp-content\/uploads\/2022\/11\/A3151237-B569-4592-A6D0-F6DCCEC673C5_1_201_a-300x225.jpeg\" alt=\"\" width=\"524\" height=\"393\" srcset=\"https:\/\/www.mechels.de\/wp-content\/uploads\/2022\/11\/A3151237-B569-4592-A6D0-F6DCCEC673C5_1_201_a-300x225.jpeg 300w, https:\/\/www.mechels.de\/wp-content\/uploads\/2022\/11\/A3151237-B569-4592-A6D0-F6DCCEC673C5_1_201_a-1024x768.jpeg 1024w, https:\/\/www.mechels.de\/wp-content\/uploads\/2022\/11\/A3151237-B569-4592-A6D0-F6DCCEC673C5_1_201_a-768x576.jpeg 768w, https:\/\/www.mechels.de\/wp-content\/uploads\/2022\/11\/A3151237-B569-4592-A6D0-F6DCCEC673C5_1_201_a.jpeg 1279w\" sizes=\"auto, (max-width: 524px) 100vw, 524px\" \/><figcaption id=\"caption-attachment-627\" class=\"wp-caption-text\">Grundriss<\/figcaption><\/figure>\n","protected":false},"excerpt":{"rendered":"<p>Die Goore Stoof, also die gute Stube, befindet sich im Haupthaus im Erdgeschoss und ist f\u00fcr 2 Personen ausgelegt. Ein Gro\u00dfteil dieser Wohnung war fr\u00fcher die Gute Stube des urspr\u00fcnglichen Bauernhauses. Diese Wohnstube wurde damals nur zu besonderen Anl\u00e4ssen wie Weihnachten, Ostern oder Geburtstagen genutzt. An den \u00fcbrigen Tagen spielte sich das Leben in der &hellip; <\/p>\n<p class=\"link-more\"><a href=\"https:\/\/www.mechels.de\/?page_id=369\" class=\"more-link\"><span class=\"screen-reader-text\">\u201eGoore Stoof\u201c <\/span>weiterlesen<\/a><\/p>\n","protected":false},"author":2,"featured_media":604,"parent":401,"menu_order":1,"comment_status":"closed","ping_status":"closed","template":"","meta":{"om_disable_all_campaigns":false,"_monsterinsights_skip_tracking":false,"_monsterinsights_sitenote_active":false,"_monsterinsights_sitenote_note":"","_monsterinsights_sitenote_category":0,"footnotes":""},"class_list":["post-369","page","type-page","status-publish","has-post-thumbnail","hentry"],"aioseo_notices":[],"_links":{"self":[{"href":"https:\/\/www.mechels.de\/index.php?rest_route=\/wp\/v2\/pages\/369","targetHints":{"allow":["GET"]}}],"collection":[{"href":"https:\/\/www.mechels.de\/index.php?rest_route=\/wp\/v2\/pages"}],"about":[{"href":"https:\/\/www.mechels.de\/index.php?rest_route=\/wp\/v2\/types\/page"}],"author":[{"embeddable":true,"href":"https:\/\/www.mechels.de\/index.php?rest_route=\/wp\/v2\/users\/2"}],"replies":[{"embeddable":true,"href":"https:\/\/www.mechels.de\/index.php?rest_route=%2Fwp%2Fv2%2Fcomments&post=369"}],"version-history":[{"count":16,"href":"https:\/\/www.mechels.de\/index.php?rest_route=\/wp\/v2\/pages\/369\/revisions"}],"predecessor-version":[{"id":668,"href":"https:\/\/www.mechels.de\/index.php?rest_route=\/wp\/v2\/pages\/369\/revisions\/668"}],"up":[{"embeddable":true,"href":"https:\/\/www.mechels.de\/index.php?rest_route=\/wp\/v2\/pages\/401"}],"wp:featuredmedia":[{"embeddable":true,"href":"https:\/\/www.mechels.de\/index.php?rest_route=\/wp\/v2\/media\/604"}],"wp:attachment":[{"href":"https:\/\/www.mechels.de\/index.php?rest_route=%2Fwp%2Fv2%2Fmedia&parent=369"}],"curies":[{"name":"wp","href":"https:\/\/api.w.org\/{rel}","templated":true}]}}