{"id":375,"date":"2019-09-05T10:28:00","date_gmt":"2019-09-05T08:28:00","guid":{"rendered":"http:\/\/www.mechels.de\/?page_id=375"},"modified":"2022-11-16T20:25:32","modified_gmt":"2022-11-16T19:25:32","slug":"wohnung-2-nebenhaus","status":"publish","type":"page","link":"https:\/\/www.mechels.de\/?page_id=375","title":{"rendered":"Oarwe"},"content":{"rendered":"<p>Oarwe, also oben befindet sich unsere 2. Wohnung im Obergeschoss des Nebengeb\u00e4udes und ist f\u00fcr bis zu 4 Personen ausgelegt.<\/p>\n<p>In dieser Wohnung sind einige fr\u00fchere Hauserweiterungen erkennbar.<br \/>\nBesonders deutlich wird dies durch die urspr\u00fcngliche Gestaltung der Wand zwischen Wohnraum und K\u00fcche. Hier ist sogar noch ein altes Holzfenster als Dekoration beibehalten worden.<\/p>\n<p>Die Wohnung ist durch einen separaten Hauseingang und \u00fcber das Treppenhaus erreichbar.<\/p>\n<p><strong>Ausstattung<\/strong><\/p>\n<p>Allergiker gerecht<br \/>\nNichtraucher<br \/>\n2 Schlafzimmer, 1x mit Doppelbett, 1x mit ausziehbarem Alkovenbett<br \/>\nKinderbett und Kinderhochstuhl<br \/>\nZentrale Lage<br \/>\nParkplatz<br \/>\nBalkon<br \/>\nFahrradverleih<br \/>\nGesellschaftsspiele<br \/>\nRadio\/Sat-TV<br \/>\nDVD- Player<br \/>\nW-LAN<br \/>\nSp\u00fclmaschine<br \/>\nCeranfeld<br \/>\nBackofen<br \/>\nMikrowelle<br \/>\nWasserkocher<br \/>\nKaffeevollautomat<br \/>\nToaster<br \/>\nHandt\u00fccher, Bettw\u00e4sche u. Endreinigung im Preis enthalten<br \/>\ndirekt am Rothaarsteig Zugangsweg<br \/>\nShuttle- Service<br \/>\nHaustiere sind nicht erlaubt<\/p>\n<p><strong><a href=\"https:\/\/tbooking.toubiz.de\/GER00020061405751376\/tbooking\/?globalReset=1\">Onlinebuchung<\/a><\/strong><\/p>\n<p><img loading=\"lazy\" decoding=\"async\" class=\"alignnone size-large wp-image-605\" src=\"http:\/\/wp.mechels.de\/wp-content\/uploads\/2022\/07\/IMG_8066-scaled-e1658430934795-769x1024.jpg\" alt=\"Ruhesessel\" width=\"525\" height=\"699\" srcset=\"https:\/\/www.mechels.de\/wp-content\/uploads\/2022\/07\/IMG_8066-scaled-e1658430934795-769x1024.jpg 769w, https:\/\/www.mechels.de\/wp-content\/uploads\/2022\/07\/IMG_8066-scaled-e1658430934795-225x300.jpg 225w, https:\/\/www.mechels.de\/wp-content\/uploads\/2022\/07\/IMG_8066-scaled-e1658430934795-768x1023.jpg 768w, https:\/\/www.mechels.de\/wp-content\/uploads\/2022\/07\/IMG_8066-scaled-e1658430934795-1153x1536.jpg 1153w, https:\/\/www.mechels.de\/wp-content\/uploads\/2022\/07\/IMG_8066-scaled-e1658430934795-1538x2048.jpg 1538w, https:\/\/www.mechels.de\/wp-content\/uploads\/2022\/07\/IMG_8066-scaled-e1658430934795.jpg 1715w\" sizes=\"auto, (max-width: 525px) 100vw, 525px\" \/><\/p>\n<figure id=\"attachment_602\" aria-describedby=\"caption-attachment-602\" style=\"width: 525px\" class=\"wp-caption alignnone\"><img loading=\"lazy\" decoding=\"async\" class=\"size-large wp-image-602\" src=\"http:\/\/wp.mechels.de\/wp-content\/uploads\/2022\/07\/SiWi_Wilnsdorf_Gasteappartments_Mechels_Vollmer20-1024x683.jpg\" alt=\"\" width=\"525\" height=\"350\" srcset=\"https:\/\/www.mechels.de\/wp-content\/uploads\/2022\/07\/SiWi_Wilnsdorf_Gasteappartments_Mechels_Vollmer20-1024x683.jpg 1024w, https:\/\/www.mechels.de\/wp-content\/uploads\/2022\/07\/SiWi_Wilnsdorf_Gasteappartments_Mechels_Vollmer20-300x200.jpg 300w, https:\/\/www.mechels.de\/wp-content\/uploads\/2022\/07\/SiWi_Wilnsdorf_Gasteappartments_Mechels_Vollmer20-768x512.jpg 768w, https:\/\/www.mechels.de\/wp-content\/uploads\/2022\/07\/SiWi_Wilnsdorf_Gasteappartments_Mechels_Vollmer20-1536x1025.jpg 1536w, https:\/\/www.mechels.de\/wp-content\/uploads\/2022\/07\/SiWi_Wilnsdorf_Gasteappartments_Mechels_Vollmer20-2048x1366.jpg 2048w\" sizes=\"auto, (max-width: 525px) 100vw, 525px\" \/><figcaption id=\"caption-attachment-602\" class=\"wp-caption-text\">K\u00fcche<\/figcaption><\/figure>\n<figure id=\"attachment_611\" aria-describedby=\"caption-attachment-611\" style=\"width: 525px\" class=\"wp-caption alignnone\"><img loading=\"lazy\" decoding=\"async\" class=\"size-large wp-image-611\" src=\"http:\/\/wp.mechels.de\/wp-content\/uploads\/2022\/07\/IMG_3812-1024x768.jpg\" alt=\"\" width=\"525\" height=\"394\" srcset=\"https:\/\/www.mechels.de\/wp-content\/uploads\/2022\/07\/IMG_3812-1024x768.jpg 1024w, https:\/\/www.mechels.de\/wp-content\/uploads\/2022\/07\/IMG_3812-300x225.jpg 300w, https:\/\/www.mechels.de\/wp-content\/uploads\/2022\/07\/IMG_3812-768x576.jpg 768w, https:\/\/www.mechels.de\/wp-content\/uploads\/2022\/07\/IMG_3812-1536x1152.jpg 1536w, https:\/\/www.mechels.de\/wp-content\/uploads\/2022\/07\/IMG_3812-2048x1536.jpg 2048w\" sizes=\"auto, (max-width: 525px) 100vw, 525px\" \/><figcaption id=\"caption-attachment-611\" class=\"wp-caption-text\">Essplatz<\/figcaption><\/figure>\n<figure id=\"attachment_613\" aria-describedby=\"caption-attachment-613\" style=\"width: 525px\" class=\"wp-caption alignnone\"><img loading=\"lazy\" decoding=\"async\" class=\"size-large wp-image-613\" src=\"http:\/\/wp.mechels.de\/wp-content\/uploads\/2022\/07\/IMG_3803-1024x768.jpg\" alt=\"\" width=\"525\" height=\"394\" srcset=\"https:\/\/www.mechels.de\/wp-content\/uploads\/2022\/07\/IMG_3803-1024x768.jpg 1024w, https:\/\/www.mechels.de\/wp-content\/uploads\/2022\/07\/IMG_3803-300x225.jpg 300w, https:\/\/www.mechels.de\/wp-content\/uploads\/2022\/07\/IMG_3803-768x576.jpg 768w, https:\/\/www.mechels.de\/wp-content\/uploads\/2022\/07\/IMG_3803-1536x1152.jpg 1536w, https:\/\/www.mechels.de\/wp-content\/uploads\/2022\/07\/IMG_3803-2048x1536.jpg 2048w\" sizes=\"auto, (max-width: 525px) 100vw, 525px\" \/><figcaption id=\"caption-attachment-613\" class=\"wp-caption-text\">Schlafzimmer 1<\/figcaption><\/figure>\n<figure id=\"attachment_612\" aria-describedby=\"caption-attachment-612\" style=\"width: 525px\" class=\"wp-caption alignnone\"><img loading=\"lazy\" decoding=\"async\" class=\"size-large wp-image-612\" src=\"http:\/\/wp.mechels.de\/wp-content\/uploads\/2022\/07\/IMG_3806-1024x768.jpg\" alt=\"\" width=\"525\" height=\"394\" srcset=\"https:\/\/www.mechels.de\/wp-content\/uploads\/2022\/07\/IMG_3806-1024x768.jpg 1024w, https:\/\/www.mechels.de\/wp-content\/uploads\/2022\/07\/IMG_3806-300x225.jpg 300w, https:\/\/www.mechels.de\/wp-content\/uploads\/2022\/07\/IMG_3806-768x576.jpg 768w, https:\/\/www.mechels.de\/wp-content\/uploads\/2022\/07\/IMG_3806-1536x1152.jpg 1536w, https:\/\/www.mechels.de\/wp-content\/uploads\/2022\/07\/IMG_3806-2048x1536.jpg 2048w\" sizes=\"auto, (max-width: 525px) 100vw, 525px\" \/><figcaption id=\"caption-attachment-612\" class=\"wp-caption-text\">Schlafzimmer 2<\/figcaption><\/figure>\n<figure id=\"attachment_592\" aria-describedby=\"caption-attachment-592\" style=\"width: 525px\" class=\"wp-caption alignnone\"><img loading=\"lazy\" decoding=\"async\" class=\"wp-image-592 size-large\" src=\"http:\/\/wp.mechels.de\/wp-content\/uploads\/2022\/03\/8de8fe37-5f04-4c20-90dc-0d32d22578c5img_3203-1024x768.jpg\" alt=\"\" width=\"525\" height=\"394\" srcset=\"https:\/\/www.mechels.de\/wp-content\/uploads\/2022\/03\/8de8fe37-5f04-4c20-90dc-0d32d22578c5img_3203-1024x768.jpg 1024w, https:\/\/www.mechels.de\/wp-content\/uploads\/2022\/03\/8de8fe37-5f04-4c20-90dc-0d32d22578c5img_3203-300x225.jpg 300w, https:\/\/www.mechels.de\/wp-content\/uploads\/2022\/03\/8de8fe37-5f04-4c20-90dc-0d32d22578c5img_3203-768x576.jpg 768w, https:\/\/www.mechels.de\/wp-content\/uploads\/2022\/03\/8de8fe37-5f04-4c20-90dc-0d32d22578c5img_3203-1536x1152.jpg 1536w, https:\/\/www.mechels.de\/wp-content\/uploads\/2022\/03\/8de8fe37-5f04-4c20-90dc-0d32d22578c5img_3203-2048x1536.jpg 2048w\" sizes=\"auto, (max-width: 525px) 100vw, 525px\" \/><figcaption id=\"caption-attachment-592\" class=\"wp-caption-text\">Bad<\/figcaption><\/figure>\n<p><img loading=\"lazy\" decoding=\"async\" class=\"alignnone size-large wp-image-606\" src=\"http:\/\/wp.mechels.de\/wp-content\/uploads\/2022\/07\/IMG_8064-768x1024.jpg\" alt=\"\" width=\"525\" height=\"700\" srcset=\"https:\/\/www.mechels.de\/wp-content\/uploads\/2022\/07\/IMG_8064-768x1024.jpg 768w, https:\/\/www.mechels.de\/wp-content\/uploads\/2022\/07\/IMG_8064-225x300.jpg 225w, https:\/\/www.mechels.de\/wp-content\/uploads\/2022\/07\/IMG_8064-1152x1536.jpg 1152w, https:\/\/www.mechels.de\/wp-content\/uploads\/2022\/07\/IMG_8064-1536x2048.jpg 1536w, https:\/\/www.mechels.de\/wp-content\/uploads\/2022\/07\/IMG_8064-scaled.jpg 1920w\" sizes=\"auto, (max-width: 525px) 100vw, 525px\" \/><\/p>\n<figure id=\"attachment_628\" aria-describedby=\"caption-attachment-628\" style=\"width: 346px\" class=\"wp-caption alignnone\"><img loading=\"lazy\" decoding=\"async\" class=\" wp-image-628\" src=\"http:\/\/wp.mechels.de\/wp-content\/uploads\/2022\/11\/98BECDFE-077F-4B36-B167-58ED74A7BDAD_1_201_a-225x300.jpeg\" alt=\"\" width=\"346\" height=\"461\" srcset=\"https:\/\/www.mechels.de\/wp-content\/uploads\/2022\/11\/98BECDFE-077F-4B36-B167-58ED74A7BDAD_1_201_a-225x300.jpeg 225w, https:\/\/www.mechels.de\/wp-content\/uploads\/2022\/11\/98BECDFE-077F-4B36-B167-58ED74A7BDAD_1_201_a-768x1024.jpeg 768w, https:\/\/www.mechels.de\/wp-content\/uploads\/2022\/11\/98BECDFE-077F-4B36-B167-58ED74A7BDAD_1_201_a.jpeg 884w\" sizes=\"auto, (max-width: 346px) 100vw, 346px\" \/><figcaption id=\"caption-attachment-628\" class=\"wp-caption-text\">Grundriss<\/figcaption><\/figure>\n","protected":false},"excerpt":{"rendered":"<p>Oarwe, also oben befindet sich unsere 2. Wohnung im Obergeschoss des Nebengeb\u00e4udes und ist f\u00fcr bis zu 4 Personen ausgelegt. In dieser Wohnung sind einige fr\u00fchere Hauserweiterungen erkennbar. Besonders deutlich wird dies durch die urspr\u00fcngliche Gestaltung der Wand zwischen Wohnraum und K\u00fcche. Hier ist sogar noch ein altes Holzfenster als Dekoration beibehalten worden. Die Wohnung &hellip; <\/p>\n<p class=\"link-more\"><a href=\"https:\/\/www.mechels.de\/?page_id=375\" class=\"more-link\"><span class=\"screen-reader-text\">\u201eOarwe\u201c <\/span>weiterlesen<\/a><\/p>\n","protected":false},"author":2,"featured_media":600,"parent":401,"menu_order":2,"comment_status":"closed","ping_status":"closed","template":"","meta":{"om_disable_all_campaigns":false,"_monsterinsights_skip_tracking":false,"_monsterinsights_sitenote_active":false,"_monsterinsights_sitenote_note":"","_monsterinsights_sitenote_category":0,"footnotes":""},"class_list":["post-375","page","type-page","status-publish","has-post-thumbnail","hentry"],"aioseo_notices":[],"_links":{"self":[{"href":"https:\/\/www.mechels.de\/index.php?rest_route=\/wp\/v2\/pages\/375","targetHints":{"allow":["GET"]}}],"collection":[{"href":"https:\/\/www.mechels.de\/index.php?rest_route=\/wp\/v2\/pages"}],"about":[{"href":"https:\/\/www.mechels.de\/index.php?rest_route=\/wp\/v2\/types\/page"}],"author":[{"embeddable":true,"href":"https:\/\/www.mechels.de\/index.php?rest_route=\/wp\/v2\/users\/2"}],"replies":[{"embeddable":true,"href":"https:\/\/www.mechels.de\/index.php?rest_route=%2Fwp%2Fv2%2Fcomments&post=375"}],"version-history":[{"count":18,"href":"https:\/\/www.mechels.de\/index.php?rest_route=\/wp\/v2\/pages\/375\/revisions"}],"predecessor-version":[{"id":631,"href":"https:\/\/www.mechels.de\/index.php?rest_route=\/wp\/v2\/pages\/375\/revisions\/631"}],"up":[{"embeddable":true,"href":"https:\/\/www.mechels.de\/index.php?rest_route=\/wp\/v2\/pages\/401"}],"wp:featuredmedia":[{"embeddable":true,"href":"https:\/\/www.mechels.de\/index.php?rest_route=\/wp\/v2\/media\/600"}],"wp:attachment":[{"href":"https:\/\/www.mechels.de\/index.php?rest_route=%2Fwp%2Fv2%2Fmedia&parent=375"}],"curies":[{"name":"wp","href":"https:\/\/api.w.org\/{rel}","templated":true}]}}