{"id":458,"date":"2020-08-11T11:01:47","date_gmt":"2020-08-11T09:01:47","guid":{"rendered":"http:\/\/www.mechels.de\/?page_id=458"},"modified":"2020-08-11T11:10:06","modified_gmt":"2020-08-11T09:10:06","slug":"gaestebuch","status":"publish","type":"page","link":"https:\/\/www.mechels.de\/?page_id=458","title":{"rendered":"G\u00e4stebuch"},"content":{"rendered":"<p>Sie sind Gast bei uns gewesen und es hat Ihnen gefallen, dann schreiben Sie uns doch einen Eintrag in unser G\u00e4stebuch.<\/p>\n<div class=\"gwolle-gb\"><div class=\"gwolle-gb-messages-top-container\"><\/div>\n\t\t\t<div class=\"gwolle-gb-write-button\">\n\t\t\t\t<input type=\"button\" name=\"gwolle-gb-write-button\" class=\"button btn btn-default \" value=\"Neuen Eintrag schreiben\" aria-expanded=\"false\" \/>\n\t\t\t<\/div>\n\t\t\t<form action=\"#\" method=\"POST\" class=\"gwolle-gb-write gwolle-gb-hide gwolle-gb-float gwolle-gb-form-ajax gwolle-gb-ajax gwolle-gb-not-logged-in\">\n\t\t\t\t<h3>Einen neuen Eintrag f\u00fcr das G\u00e4stebuch schreiben<\/h3>\n\t\t\t\t<button type=\"button\" class=\"gb-notice-dismiss\">x<span class=\"screen-reader-text\">Dieses Formular ausblenden<\/span><\/button>\n\t\t\t\n\t\t\t\t<input type=\"hidden\" name=\"gwolle_gb_function\" class=\"gwolle_gb_function\" value=\"add_entry\" \/><input type=\"hidden\" name=\"gwolle_gb_book_id\" class=\"gwolle_gb_book_id\" value=\"1\" \/><div class=\"gwolle_gb_8b0f6b9be06a908f9c370a78e060b404\">\n\t\t\t\t<div class=\"label\"><label for=\"gwolle_gb_8b0f6b9be06a908f9c370a78e060b404-1\" class=\"text-info\">Name <span class=\"required\">*<\/span><\/label><\/div>\n\t\t\t\t<div class=\"input\"><input class=\"wp-exclude-emoji gwolle_gb_8b0f6b9be06a908f9c370a78e060b404\" value=\"\" type=\"text\" id=\"gwolle_gb_8b0f6b9be06a908f9c370a78e060b404-1\" name=\"gwolle_gb_8b0f6b9be06a908f9c370a78e060b404\" required \/><\/div>\n\t\t\t\t<div class=\"clearBoth\">&nbsp;<\/div>\n\t\t\t<\/div><div class=\"gwolle_gb_5b294a970e4b1a34b26aecbd43cca879\">\n\t\t\t\t\t<div class=\"label\"><label for=\"gwolle_gb_5b294a970e4b1a34b26aecbd43cca879-1\" class=\"text-info\">Stadt<\/label><\/div>\n\t\t\t\t\t<div class=\"input\"><input class=\"wp-exclude-emoji gwolle_gb_5b294a970e4b1a34b26aecbd43cca879\" value=\"\" type=\"text\" id=\"gwolle_gb_5b294a970e4b1a34b26aecbd43cca879-1\" name=\"gwolle_gb_5b294a970e4b1a34b26aecbd43cca879\" \/><\/div>\n\t\t\t\t\t<div class=\"clearBoth\">&nbsp;<\/div>\n\t\t\t\t<\/div><div class=\"gwolle_gb_d99466250a4e4f5fc8531a93d6434316\">\n\t\t\t\t<div class=\"label\"><label for=\"gwolle_gb_d99466250a4e4f5fc8531a93d6434316-1\" class=\"text-info\">E-Mail <span class=\"required\">*<\/span><\/label><\/div>\n\t\t\t\t<div class=\"input\"><input class=\"gwolle_gb_d99466250a4e4f5fc8531a93d6434316\" value=\"\" type=\"email\" id=\"gwolle_gb_d99466250a4e4f5fc8531a93d6434316-1\" name=\"gwolle_gb_d99466250a4e4f5fc8531a93d6434316\" required \/><\/div>\n\t\t\t\t<div class=\"clearBoth\">&nbsp;<\/div>\n\t\t\t<\/div><div class=\"gwolle_gb_dfa87cb39245c88c096dd50054fb2055\">\n\t\t\t\t<div class=\"label\"><label for=\"gwolle_gb_dfa87cb39245c88c096dd50054fb2055-1\" class=\"text-info\">Website<\/label><\/div>\n\t\t\t\t<div class=\"input\"><input class=\"gwolle_gb_dfa87cb39245c88c096dd50054fb2055\" value=\"\" type=\"url\" id=\"gwolle_gb_dfa87cb39245c88c096dd50054fb2055-1\" name=\"gwolle_gb_dfa87cb39245c88c096dd50054fb2055\" \/><\/div>\n\t\t\t\t<div class=\"clearBoth\">&nbsp;<\/div>\n\t\t\t<\/div>\n\t\t\t<div class=\"gwolle_gb_0fbde9f09a35951e834d8f31fabdcea3\" style=\"display:none;overflow:hidden;\" hidden=\"true\" aria-hidden=\"true\">\n\t\t\t\t<div class=\"label\">\n\t\t\t\t\t<label for=\"gwolle_gb_0fbde9f09a35951e834d8f31fabdcea3-1\" class=\"text-primary\">Hier nichts eingeben<\/label>\n\t\t\t\t\t<label for=\"gwolle_gb_be290be31b4346772187804399a9a7ee-1\" class=\"text-primary\">Hier nichts eingeben<\/label>\n\t\t\t\t<\/div>\n\t\t\t\t<div class=\"input\">\n\t\t\t\t\t<input value=\"75\" type=\"text\" id=\"gwolle_gb_0fbde9f09a35951e834d8f31fabdcea3-1\" name=\"gwolle_gb_0fbde9f09a35951e834d8f31fabdcea3\" class=\"gwolle_gb_0fbde9f09a35951e834d8f31fabdcea3\" style=\"transform: translateY(10000px);\" \/>\n\t\t\t\t\t<input value=\"\" type=\"text\" name=\"gwolle_gb_be290be31b4346772187804399a9a7ee\" id=\"gwolle_gb_be290be31b4346772187804399a9a7ee-1\" class=\"gwolle_gb_be290be31b4346772187804399a9a7ee\" style=\"transform: translateY(10000px);\" \/>\n\t\t\t\t<\/div>\n\t\t\t\t<div class=\"clearBoth\"><\/div>\n\t\t\t<\/div>\n\t\t\t<div class=\"gwolle_gb_6f2add9229b0748cf46f98b3a3a0b802\" style=\"display:none;overflow:hidden;\" hidden=\"true\" aria-hidden=\"true\">\n\t\t\t\t<div class=\"label\">\n\t\t\t\t\t<label for=\"gwolle_gb_6f2add9229b0748cf46f98b3a3a0b802-1\" class=\"text-primary\">Hier nichts eingeben<\/label>\n\t\t\t\t\t<label for=\"gwolle_gb_3e350fabad07f1a8b223397e335504aa-1\" class=\"text-primary\">Hier nichts eingeben<\/label>\n\t\t\t\t<\/div>\n\t\t\t\t<div class=\"input\">\n\t\t\t\t\t<input value=\"8077\" type=\"text\" id=\"gwolle_gb_6f2add9229b0748cf46f98b3a3a0b802-1\" name=\"gwolle_gb_6f2add9229b0748cf46f98b3a3a0b802\" class=\"gwolle_gb_6f2add9229b0748cf46f98b3a3a0b802\" style=\"transform: translateY(10000px);\" \/>\n\t\t\t\t\t<input value=\"8077\" type=\"text\"id=\"gwolle_gb_3e350fabad07f1a8b223397e335504aa-1\" name=\"gwolle_gb_3e350fabad07f1a8b223397e335504aa\" class=\"gwolle_gb_3e350fabad07f1a8b223397e335504aa\" style=\"transform: translateY(10000px);\" \/>\n\t\t\t\t<\/div>\n\t\t\t\t<div class=\"clearBoth\"><\/div>\n\t\t\t<\/div><div class=\"gwolle_gb_content\">\n\t\t\t\t<div class=\"label\"><label for=\"gwolle_gb_content-1\" class=\"text-info\">G\u00e4stebucheintrag <span class=\"required\">*<\/span><\/label><\/div>\n\t\t\t\t<div class=\"input\"><textarea id=\"gwolle_gb_content-1\" name=\"gwolle_gb_content\" class=\"gwolle_gb_content wp-exclude-emoji\" required ><\/textarea><\/div>\n\t\t\t\t\t<div class=\"clearBoth\">&nbsp;<\/div>\n\t\t\t\t<\/div><input type=\"hidden\" class=\"gwolle_gb_e9a39296877d07835e127212f7690aee\" id=\"gwolle_gb_e9a39296877d07835e127212f7690aee-1\" name=\"gwolle_gb_e9a39296877d07835e127212f7690aee\" value=\"7e104ac331\" \/>\n\t\t\t<div class=\"gwolle-gb-messages-bottom-container\"><\/div>\n\n\t\t\t<noscript><div class=\"no-js\">Warnung: Dieses Formular kann nur verwendet werden, wenn in deinem Browser JavaScript aktiviert ist.<\/div><\/noscript>\n\n\t\t\t<div class=\"gwolle_gb_submit gwolle-gb-submit\">\n\t\t\t\t<div class=\"label gwolle-gb-invisible text-muted\">&nbsp;<\/div>\n\t\t\t\t<div class=\"input\">\n\t\t\t\t\t<input type=\"submit\" name=\"gwolle_gb_submit\" class=\"gwolle_gb_submit button btn btn-primary \" value=\"Absenden\" \/>\n\t\t\t\t\t<span class=\"gwolle_gb_submit_ajax_icon gwolle-gb-submit-ajax-icon\"><\/span>\n\t\t\t\n\t\t\t\t<\/div>\n\t\t\t\t<div class=\"clearBoth\">&nbsp;<\/div>\n\t\t\t<\/div>\n\n\t\t\t<div class=\"gwolle_gb_notice gwolle-gb-notice\">\n\t\t\t\tMit * gekennzeichnete Felder sind erforderlich.<br \/>\r\nDeine E-Mail-Adresse wird nicht ver\u00f6ffentlicht.<br \/>\r\nEs ist m\u00f6glich, dass dein Eintrag im G\u00e4stebuch erst sichtbar ist, nachdem wir ihn \u00fcberpr\u00fcft haben.<br \/>\r\nWir behalten uns vor, Eintr\u00e4ge zu l\u00f6schen oder nicht zu ver\u00f6ffentlichen.\n\t\t\t<\/div><\/form><div class=\"gwolle-gb-read gwolle-gb-ajax gwolle-gb-entries-list gwolle-gb-infinite\" data-book_id=\"1\" data-page_id=\"1\">\n\t\t<div id=\"gwolle-gb-total\" class=\"gwolle-gb-total\">1 Eintrag<\/div><!-- Gwolle-GB Entry: Default Template Loaded -->\n\t\t\t\t<div class=\"gb-entry gb-entry_3 gb-entry-count_1 gwolle-gb-uneven gwolle-gb-first\" id=\"gb-entry_3\" data-entry_id=\"3\">\n\t\t\t\t<article>\n\t\t\t\t\t<div class=\"gb-author-info\">\n\t\t\t\t\t\t<span class=\"gb-author-name\">Germund\n\t\t\t\t\t\t<\/span>\n\t\t\t\t\t\t<span class=\"gb-author-origin\">\n\t\t\t\t\t\t\t<span class=\"gb-author-origin-from-text\"> aus<\/span>\n\t\t\t\t\t\t\t<span class=\"gb-author-origin-text\"> Dernau<\/span>\n\t\t\t\t\t\t<\/span>\n\t\t\t\t\t\t<span class=\"gb-datetime\">\n\t\t\t\t\t\t\t<span class=\"gb-date\"><span class=\"gb-date-wrote-text\"> schrieb am<\/span><span class=\"gb-date-text\"> 8. Januar 2025<\/span>\n\t\t\t\t\t\t\t<\/span>\n\t\t\t\t\t\t<\/span> \n\t\t\t\t\t<\/div>\n\t\t\t\t\t<div class=\"gb-entry-content\">Sehr zu empfehlen.\nNette Atmosph\u00e4re. \nToller Gastgeber\n\t\t\t\t\t<\/div>\n\t\t\t\t<\/article>\n\t\t\t<\/div>\n\t\t\t<\/div><\/div>\n","protected":false},"excerpt":{"rendered":"<p>Sie sind Gast bei uns gewesen und es hat Ihnen gefallen, dann schreiben Sie uns doch einen Eintrag in unser G\u00e4stebuch.<\/p>\n","protected":false},"author":2,"featured_media":0,"parent":0,"menu_order":0,"comment_status":"closed","ping_status":"closed","template":"","meta":{"om_disable_all_campaigns":false,"_monsterinsights_skip_tracking":false,"_monsterinsights_sitenote_active":false,"_monsterinsights_sitenote_note":"","_monsterinsights_sitenote_category":0,"footnotes":""},"class_list":["post-458","page","type-page","status-publish","hentry"],"aioseo_notices":[],"_links":{"self":[{"href":"https:\/\/www.mechels.de\/index.php?rest_route=\/wp\/v2\/pages\/458","targetHints":{"allow":["GET"]}}],"collection":[{"href":"https:\/\/www.mechels.de\/index.php?rest_route=\/wp\/v2\/pages"}],"about":[{"href":"https:\/\/www.mechels.de\/index.php?rest_route=\/wp\/v2\/types\/page"}],"author":[{"embeddable":true,"href":"https:\/\/www.mechels.de\/index.php?rest_route=\/wp\/v2\/users\/2"}],"replies":[{"embeddable":true,"href":"https:\/\/www.mechels.de\/index.php?rest_route=%2Fwp%2Fv2%2Fcomments&post=458"}],"version-history":[{"count":5,"href":"https:\/\/www.mechels.de\/index.php?rest_route=\/wp\/v2\/pages\/458\/revisions"}],"predecessor-version":[{"id":465,"href":"https:\/\/www.mechels.de\/index.php?rest_route=\/wp\/v2\/pages\/458\/revisions\/465"}],"wp:attachment":[{"href":"https:\/\/www.mechels.de\/index.php?rest_route=%2Fwp%2Fv2%2Fmedia&parent=458"}],"curies":[{"name":"wp","href":"https:\/\/api.w.org\/{rel}","templated":true}]}}