{"id":478,"date":"2021-07-26T10:32:57","date_gmt":"2021-07-26T08:32:57","guid":{"rendered":"http:\/\/www.mechels.de\/?page_id=478"},"modified":"2022-11-16T20:26:27","modified_gmt":"2022-11-16T19:26:27","slug":"wohnung-3","status":"publish","type":"page","link":"https:\/\/www.mechels.de\/?page_id=478","title":{"rendered":"Onne"},"content":{"rendered":"<p>Onne, also unten im Erdgeschoss des Nebengeb\u00e4udes befindet sich die 3. Wohnung und ist f\u00fcr bis zu 4 Personen ausgelegt.<\/p>\n<p>Diese Wohnung ist vom Grundriss identisch mit der Wohnung Oarwe. Besonders in den beiden Schlafr\u00e4umen wird das urige Gef\u00fchl von alten Fachwerkh\u00e4usern deutlich und l\u00e4sst erahnen, das die Menschen fr\u00fcher um einiges kleiner waren als heute.<br \/>\nDurch die K\u00fcche erreichen Sie einen 12 qm gro\u00dfen Balkon auf dem Sie bei wundersch\u00f6nem Sonnenschein Ihr Fr\u00fchst\u00fcck genie\u00dfen k\u00f6nnen<\/p>\n<p>Die Wohnung ist \u00fcber einen separaten Hauseingang erreichbar.<\/p>\n<p>Auf Anfrage sind Haustiere in dieser Wohnung gegen eine Geb\u00fchr erlaubt.<\/p>\n<p><strong>Ausstattung<\/strong><\/p>\n<p>Allergiker gerecht<br \/>\nNichtraucher<br \/>\n2 Schlafzimmer, 1x mit Doppelbett, 1x mit ausziehbarem Alkovenbett<br \/>\nKinderbett und Kinderhochstuhl<br \/>\nZentrale Lage<br \/>\nParkplatz<br \/>\nBalkon<br \/>\nFahrradverleih<br \/>\nGesellschaftsspiele<br \/>\nRadio\/Sat-TV<br \/>\nDVD- Player<br \/>\nW-LAN<br \/>\nSp\u00fclmaschine<br \/>\nMikrowelle<br \/>\nInduktionskochfeld<br \/>\nBackofen<br \/>\nKaffeevollautomat<br \/>\nToaster<br \/>\nHandt\u00fccher, Bettw\u00e4sche u. Endreinigung im Preis enthalten<br \/>\ndirekt am Rothaarsteig Zugangsweg<br \/>\nShuttle- Service<br \/>\nHaustiere sind auf Anfrage erlaubt<\/p>\n<p><strong><a href=\"https:\/\/tbooking.toubiz.de\/GER00020061405751376\/tbooking\/?globalReset=1\">Onlinebuchung<\/a><\/strong><\/p>\n<p><img loading=\"lazy\" decoding=\"async\" class=\"alignnone size-large wp-image-557\" src=\"http:\/\/wp.mechels.de\/wp-content\/uploads\/2021\/12\/Wohnzimmer_Kappest-1024x683.jpg\" alt=\"\" width=\"525\" height=\"350\" srcset=\"https:\/\/www.mechels.de\/wp-content\/uploads\/2021\/12\/Wohnzimmer_Kappest-1024x683.jpg 1024w, https:\/\/www.mechels.de\/wp-content\/uploads\/2021\/12\/Wohnzimmer_Kappest-300x200.jpg 300w, https:\/\/www.mechels.de\/wp-content\/uploads\/2021\/12\/Wohnzimmer_Kappest-768x512.jpg 768w, https:\/\/www.mechels.de\/wp-content\/uploads\/2021\/12\/Wohnzimmer_Kappest-1536x1024.jpg 1536w, https:\/\/www.mechels.de\/wp-content\/uploads\/2021\/12\/Wohnzimmer_Kappest.jpg 2048w\" sizes=\"auto, (max-width: 525px) 100vw, 525px\" \/><\/p>\n<p>Wohnzimmer<\/p>\n<p><img loading=\"lazy\" decoding=\"async\" class=\"alignnone wp-image-559 size-large\" src=\"http:\/\/wp.mechels.de\/wp-content\/uploads\/2021\/12\/Kueche_Fruehstueckstisch_Kappest-1024x683.jpg\" alt=\"\" width=\"525\" height=\"350\" srcset=\"https:\/\/www.mechels.de\/wp-content\/uploads\/2021\/12\/Kueche_Fruehstueckstisch_Kappest-1024x683.jpg 1024w, https:\/\/www.mechels.de\/wp-content\/uploads\/2021\/12\/Kueche_Fruehstueckstisch_Kappest-300x200.jpg 300w, https:\/\/www.mechels.de\/wp-content\/uploads\/2021\/12\/Kueche_Fruehstueckstisch_Kappest-768x512.jpg 768w, https:\/\/www.mechels.de\/wp-content\/uploads\/2021\/12\/Kueche_Fruehstueckstisch_Kappest-1536x1024.jpg 1536w, https:\/\/www.mechels.de\/wp-content\/uploads\/2021\/12\/Kueche_Fruehstueckstisch_Kappest.jpg 2048w\" sizes=\"auto, (max-width: 525px) 100vw, 525px\" \/><\/p>\n<p>K\u00fcche<\/p>\n<p><img loading=\"lazy\" decoding=\"async\" class=\"alignnone wp-image-554 size-large\" src=\"http:\/\/wp.mechels.de\/wp-content\/uploads\/2021\/12\/Schlafzimmer_01_Kappest-1024x683.jpg\" alt=\"\" width=\"525\" height=\"350\" srcset=\"https:\/\/www.mechels.de\/wp-content\/uploads\/2021\/12\/Schlafzimmer_01_Kappest-1024x683.jpg 1024w, https:\/\/www.mechels.de\/wp-content\/uploads\/2021\/12\/Schlafzimmer_01_Kappest-300x200.jpg 300w, https:\/\/www.mechels.de\/wp-content\/uploads\/2021\/12\/Schlafzimmer_01_Kappest-768x512.jpg 768w, https:\/\/www.mechels.de\/wp-content\/uploads\/2021\/12\/Schlafzimmer_01_Kappest-1536x1024.jpg 1536w, https:\/\/www.mechels.de\/wp-content\/uploads\/2021\/12\/Schlafzimmer_01_Kappest.jpg 2048w\" sizes=\"auto, (max-width: 525px) 100vw, 525px\" \/><\/p>\n<p>Schlafzimmer 1<\/p>\n<p><img loading=\"lazy\" decoding=\"async\" class=\"alignnone wp-image-553 size-large\" src=\"http:\/\/wp.mechels.de\/wp-content\/uploads\/2021\/12\/Einzelzimmer_01_Kappest-1024x683.jpg\" alt=\"\" width=\"525\" height=\"350\" srcset=\"https:\/\/www.mechels.de\/wp-content\/uploads\/2021\/12\/Einzelzimmer_01_Kappest-1024x683.jpg 1024w, https:\/\/www.mechels.de\/wp-content\/uploads\/2021\/12\/Einzelzimmer_01_Kappest-300x200.jpg 300w, https:\/\/www.mechels.de\/wp-content\/uploads\/2021\/12\/Einzelzimmer_01_Kappest-768x512.jpg 768w, https:\/\/www.mechels.de\/wp-content\/uploads\/2021\/12\/Einzelzimmer_01_Kappest-1536x1024.jpg 1536w, https:\/\/www.mechels.de\/wp-content\/uploads\/2021\/12\/Einzelzimmer_01_Kappest.jpg 2048w\" sizes=\"auto, (max-width: 525px) 100vw, 525px\" \/><\/p>\n<p>Schlafzimmer 2<\/p>\n<p><img loading=\"lazy\" decoding=\"async\" class=\"alignnone wp-image-552 size-large\" src=\"http:\/\/wp.mechels.de\/wp-content\/uploads\/2021\/12\/Badzimmer_02_Kappest-1024x683.jpg\" alt=\"\" width=\"525\" height=\"350\" srcset=\"https:\/\/www.mechels.de\/wp-content\/uploads\/2021\/12\/Badzimmer_02_Kappest-1024x683.jpg 1024w, https:\/\/www.mechels.de\/wp-content\/uploads\/2021\/12\/Badzimmer_02_Kappest-300x200.jpg 300w, https:\/\/www.mechels.de\/wp-content\/uploads\/2021\/12\/Badzimmer_02_Kappest-768x512.jpg 768w, https:\/\/www.mechels.de\/wp-content\/uploads\/2021\/12\/Badzimmer_02_Kappest-1536x1024.jpg 1536w, https:\/\/www.mechels.de\/wp-content\/uploads\/2021\/12\/Badzimmer_02_Kappest.jpg 2048w\" sizes=\"auto, (max-width: 525px) 100vw, 525px\" \/><\/p>\n<p>Badezimmer<\/p>\n<figure id=\"attachment_629\" aria-describedby=\"caption-attachment-629\" style=\"width: 344px\" class=\"wp-caption alignnone\"><img loading=\"lazy\" decoding=\"async\" class=\" wp-image-629\" src=\"http:\/\/wp.mechels.de\/wp-content\/uploads\/2022\/11\/4466C344-671C-4C59-A929-CA6CEA6043DF_1_201_a-225x300.jpeg\" alt=\"\" width=\"344\" height=\"459\" srcset=\"https:\/\/www.mechels.de\/wp-content\/uploads\/2022\/11\/4466C344-671C-4C59-A929-CA6CEA6043DF_1_201_a-225x300.jpeg 225w, https:\/\/www.mechels.de\/wp-content\/uploads\/2022\/11\/4466C344-671C-4C59-A929-CA6CEA6043DF_1_201_a-768x1024.jpeg 768w, https:\/\/www.mechels.de\/wp-content\/uploads\/2022\/11\/4466C344-671C-4C59-A929-CA6CEA6043DF_1_201_a.jpeg 881w\" sizes=\"auto, (max-width: 344px) 100vw, 344px\" \/><figcaption id=\"caption-attachment-629\" class=\"wp-caption-text\">Grundriss<\/figcaption><\/figure>\n","protected":false},"excerpt":{"rendered":"<p>Onne, also unten im Erdgeschoss des Nebengeb\u00e4udes befindet sich die 3. Wohnung und ist f\u00fcr bis zu 4 Personen ausgelegt. Diese Wohnung ist vom Grundriss identisch mit der Wohnung Oarwe. Besonders in den beiden Schlafr\u00e4umen wird das urige Gef\u00fchl von alten Fachwerkh\u00e4usern deutlich und l\u00e4sst erahnen, das die Menschen fr\u00fcher um einiges kleiner waren als &hellip; <\/p>\n<p class=\"link-more\"><a href=\"https:\/\/www.mechels.de\/?page_id=478\" class=\"more-link\"><span class=\"screen-reader-text\">\u201eOnne\u201c <\/span>weiterlesen<\/a><\/p>\n","protected":false},"author":2,"featured_media":557,"parent":401,"menu_order":3,"comment_status":"closed","ping_status":"closed","template":"","meta":{"om_disable_all_campaigns":false,"_monsterinsights_skip_tracking":false,"_monsterinsights_sitenote_active":false,"_monsterinsights_sitenote_note":"","_monsterinsights_sitenote_category":0,"footnotes":""},"class_list":["post-478","page","type-page","status-publish","has-post-thumbnail","hentry"],"aioseo_notices":[],"_links":{"self":[{"href":"https:\/\/www.mechels.de\/index.php?rest_route=\/wp\/v2\/pages\/478","targetHints":{"allow":["GET"]}}],"collection":[{"href":"https:\/\/www.mechels.de\/index.php?rest_route=\/wp\/v2\/pages"}],"about":[{"href":"https:\/\/www.mechels.de\/index.php?rest_route=\/wp\/v2\/types\/page"}],"author":[{"embeddable":true,"href":"https:\/\/www.mechels.de\/index.php?rest_route=\/wp\/v2\/users\/2"}],"replies":[{"embeddable":true,"href":"https:\/\/www.mechels.de\/index.php?rest_route=%2Fwp%2Fv2%2Fcomments&post=478"}],"version-history":[{"count":10,"href":"https:\/\/www.mechels.de\/index.php?rest_route=\/wp\/v2\/pages\/478\/revisions"}],"predecessor-version":[{"id":632,"href":"https:\/\/www.mechels.de\/index.php?rest_route=\/wp\/v2\/pages\/478\/revisions\/632"}],"up":[{"embeddable":true,"href":"https:\/\/www.mechels.de\/index.php?rest_route=\/wp\/v2\/pages\/401"}],"wp:featuredmedia":[{"embeddable":true,"href":"https:\/\/www.mechels.de\/index.php?rest_route=\/wp\/v2\/media\/557"}],"wp:attachment":[{"href":"https:\/\/www.mechels.de\/index.php?rest_route=%2Fwp%2Fv2%2Fmedia&parent=478"}],"curies":[{"name":"wp","href":"https:\/\/api.w.org\/{rel}","templated":true}]}}