{"id":703,"date":"2026-03-29T22:43:35","date_gmt":"2026-03-29T20:43:35","guid":{"rendered":"https:\/\/www.mechels.de\/?page_id=703"},"modified":"2026-03-29T22:55:31","modified_gmt":"2026-03-29T20:55:31","slug":"ollern","status":"publish","type":"page","link":"https:\/\/www.mechels.de\/?page_id=703","title":{"rendered":"Ollern"},"content":{"rendered":"<p>Herzlich Willkommen am Ollern.<\/p>\n<p>Fr\u00fcher wurde hier Heu und Stroh f\u00fcr die eigenen Nutztiere gelagert sowie nicht ben\u00f6tigte Arbeitsger\u00e4te und so manches Erhaltenswertes aufbewahrt.<br \/>\nDas sichtbare Holz vom Dachstuhl und gem\u00fctliche Ecken machten aus dem Ollern schon damals einen heimeligen Ort.<br \/>\nWir haben dieses heimelige Gef\u00fchl erhalten und den Ollern mit der Sauna zu einem kuscheligen, warmen Privat-Spa ausgebaut.<\/p>\n<p>Genie\u00dfen Sie die W\u00e4rme der Infrarotstrahler oder schwitzen bei bis zu 100\u00b0C mit dem Saunaofen.<\/p>\n<p>Ihnen stehen vier individuelle Aufg\u00fcsse zur Verf\u00fcgung.<br \/>\n<img loading=\"lazy\" decoding=\"async\" class=\"alignnone wp-image-715\" src=\"https:\/\/www.mechels.de\/wp-content\/uploads\/2026\/03\/IMG_0707-300x225.jpg\" alt=\"\" width=\"235\" height=\"176\" srcset=\"https:\/\/www.mechels.de\/wp-content\/uploads\/2026\/03\/IMG_0707-300x225.jpg 300w, https:\/\/www.mechels.de\/wp-content\/uploads\/2026\/03\/IMG_0707-1024x768.jpg 1024w, https:\/\/www.mechels.de\/wp-content\/uploads\/2026\/03\/IMG_0707-768x576.jpg 768w, https:\/\/www.mechels.de\/wp-content\/uploads\/2026\/03\/IMG_0707-1536x1152.jpg 1536w, https:\/\/www.mechels.de\/wp-content\/uploads\/2026\/03\/IMG_0707-2048x1536.jpg 2048w\" sizes=\"auto, (max-width: 235px) 100vw, 235px\" \/><\/p>\n<p>Nach dem Saunieren k\u00f6nnen Sie sich in der Wellnessdusche abk\u00fchlen und anschlie\u00dfend in einer der beiden Kuschelecken entspannen.<\/p>\n<p><img loading=\"lazy\" decoding=\"async\" class=\"alignnone wp-image-710\" src=\"https:\/\/www.mechels.de\/wp-content\/uploads\/2026\/03\/IMG_0759-225x300.jpg\" alt=\"\" width=\"306\" height=\"408\" srcset=\"https:\/\/www.mechels.de\/wp-content\/uploads\/2026\/03\/IMG_0759-225x300.jpg 225w, https:\/\/www.mechels.de\/wp-content\/uploads\/2026\/03\/IMG_0759-768x1024.jpg 768w, https:\/\/www.mechels.de\/wp-content\/uploads\/2026\/03\/IMG_0759-1152x1536.jpg 1152w, https:\/\/www.mechels.de\/wp-content\/uploads\/2026\/03\/IMG_0759.jpg 1200w\" sizes=\"auto, (max-width: 306px) 100vw, 306px\" \/> <img loading=\"lazy\" decoding=\"async\" class=\"alignnone wp-image-707\" src=\"https:\/\/www.mechels.de\/wp-content\/uploads\/2026\/03\/IMG_0761-225x300.jpg\" alt=\"\" width=\"306\" height=\"408\" srcset=\"https:\/\/www.mechels.de\/wp-content\/uploads\/2026\/03\/IMG_0761-225x300.jpg 225w, https:\/\/www.mechels.de\/wp-content\/uploads\/2026\/03\/IMG_0761-768x1024.jpg 768w, https:\/\/www.mechels.de\/wp-content\/uploads\/2026\/03\/IMG_0761-1152x1536.jpg 1152w, https:\/\/www.mechels.de\/wp-content\/uploads\/2026\/03\/IMG_0761.jpg 1200w\" sizes=\"auto, (max-width: 306px) 100vw, 306px\" \/><br \/>\n<img loading=\"lazy\" decoding=\"async\" class=\"alignnone wp-image-712 \" src=\"https:\/\/www.mechels.de\/wp-content\/uploads\/2026\/03\/IMG_0698-300x225.jpg\" alt=\"\" width=\"616\" height=\"462\" srcset=\"https:\/\/www.mechels.de\/wp-content\/uploads\/2026\/03\/IMG_0698-300x225.jpg 300w, https:\/\/www.mechels.de\/wp-content\/uploads\/2026\/03\/IMG_0698-1024x768.jpg 1024w, https:\/\/www.mechels.de\/wp-content\/uploads\/2026\/03\/IMG_0698-768x576.jpg 768w, https:\/\/www.mechels.de\/wp-content\/uploads\/2026\/03\/IMG_0698-1536x1152.jpg 1536w, https:\/\/www.mechels.de\/wp-content\/uploads\/2026\/03\/IMG_0698-2048x1536.jpg 2048w\" sizes=\"auto, (max-width: 616px) 100vw, 616px\" \/><br \/>\n<img loading=\"lazy\" decoding=\"async\" class=\"alignnone wp-image-708\" src=\"https:\/\/www.mechels.de\/wp-content\/uploads\/2026\/03\/IMG_0760-225x300.jpg\" alt=\"\" width=\"306\" height=\"408\" srcset=\"https:\/\/www.mechels.de\/wp-content\/uploads\/2026\/03\/IMG_0760-225x300.jpg 225w, https:\/\/www.mechels.de\/wp-content\/uploads\/2026\/03\/IMG_0760-768x1024.jpg 768w, https:\/\/www.mechels.de\/wp-content\/uploads\/2026\/03\/IMG_0760-1152x1536.jpg 1152w, https:\/\/www.mechels.de\/wp-content\/uploads\/2026\/03\/IMG_0760.jpg 1200w\" sizes=\"auto, (max-width: 306px) 100vw, 306px\" \/> <img loading=\"lazy\" decoding=\"async\" class=\"alignnone wp-image-706 \" src=\"https:\/\/www.mechels.de\/wp-content\/uploads\/2026\/03\/IMG_0758-225x300.jpg\" alt=\"\" width=\"306\" height=\"408\" srcset=\"https:\/\/www.mechels.de\/wp-content\/uploads\/2026\/03\/IMG_0758-225x300.jpg 225w, https:\/\/www.mechels.de\/wp-content\/uploads\/2026\/03\/IMG_0758-768x1024.jpg 768w, https:\/\/www.mechels.de\/wp-content\/uploads\/2026\/03\/IMG_0758-1152x1536.jpg 1152w, https:\/\/www.mechels.de\/wp-content\/uploads\/2026\/03\/IMG_0758.jpg 1200w\" sizes=\"auto, (max-width: 306px) 100vw, 306px\" \/><\/p>\n<p>Auf Wunsch bieten wir Ihnen gesunde Snacks und Getr\u00e4nke zu Ihrer Auszeit an.<\/p>\n<p>Dieses Angebot steht sowohl unseren Hausg\u00e4sten als auch allen anderen Interessierten zur Verf\u00fcgung.<br \/>\nBuchungsanfragen bitte per Mail an: info@mechels.de<\/p>\n<p>Preise f\u00fcr zwei Personen<br \/>\nHausg\u00e4ste 30,- Euro \/ 3 Stunden<br \/>\nexterne G\u00e4ste 60,- Euro \/ 3 Stunden<br \/>\njede weitere Person 15,- Euro \/ 3 Stunden<\/p>\n","protected":false},"excerpt":{"rendered":"<p>Herzlich Willkommen am Ollern. Fr\u00fcher wurde hier Heu und Stroh f\u00fcr die eigenen Nutztiere gelagert sowie nicht ben\u00f6tigte Arbeitsger\u00e4te und so manches Erhaltenswertes aufbewahrt. Das sichtbare Holz vom Dachstuhl und gem\u00fctliche Ecken machten aus dem Ollern schon damals einen heimeligen Ort. Wir haben dieses heimelige Gef\u00fchl erhalten und den Ollern mit der Sauna zu einem &hellip; <\/p>\n<p class=\"link-more\"><a href=\"https:\/\/www.mechels.de\/?page_id=703\" class=\"more-link\"><span class=\"screen-reader-text\">\u201eOllern\u201c <\/span>weiterlesen<\/a><\/p>\n","protected":false},"author":2,"featured_media":709,"parent":401,"menu_order":4,"comment_status":"closed","ping_status":"closed","template":"","meta":{"om_disable_all_campaigns":false,"_monsterinsights_skip_tracking":false,"_monsterinsights_sitenote_active":false,"_monsterinsights_sitenote_note":"","_monsterinsights_sitenote_category":0,"footnotes":""},"class_list":["post-703","page","type-page","status-publish","has-post-thumbnail","hentry"],"aioseo_notices":[],"_links":{"self":[{"href":"https:\/\/www.mechels.de\/index.php?rest_route=\/wp\/v2\/pages\/703","targetHints":{"allow":["GET"]}}],"collection":[{"href":"https:\/\/www.mechels.de\/index.php?rest_route=\/wp\/v2\/pages"}],"about":[{"href":"https:\/\/www.mechels.de\/index.php?rest_route=\/wp\/v2\/types\/page"}],"author":[{"embeddable":true,"href":"https:\/\/www.mechels.de\/index.php?rest_route=\/wp\/v2\/users\/2"}],"replies":[{"embeddable":true,"href":"https:\/\/www.mechels.de\/index.php?rest_route=%2Fwp%2Fv2%2Fcomments&post=703"}],"version-history":[{"count":15,"href":"https:\/\/www.mechels.de\/index.php?rest_route=\/wp\/v2\/pages\/703\/revisions"}],"predecessor-version":[{"id":730,"href":"https:\/\/www.mechels.de\/index.php?rest_route=\/wp\/v2\/pages\/703\/revisions\/730"}],"up":[{"embeddable":true,"href":"https:\/\/www.mechels.de\/index.php?rest_route=\/wp\/v2\/pages\/401"}],"wp:featuredmedia":[{"embeddable":true,"href":"https:\/\/www.mechels.de\/index.php?rest_route=\/wp\/v2\/media\/709"}],"wp:attachment":[{"href":"https:\/\/www.mechels.de\/index.php?rest_route=%2Fwp%2Fv2%2Fmedia&parent=703"}],"curies":[{"name":"wp","href":"https:\/\/api.w.org\/{rel}","templated":true}]}}